{"id":13,"date":"2023-05-22T08:21:04","date_gmt":"2023-05-22T08:21:04","guid":{"rendered":"https:\/\/heitger.derknut.com\/?page_id=13"},"modified":"2023-05-25T07:26:46","modified_gmt":"2023-05-25T07:26:46","slug":"allgemein","status":"publish","type":"page","link":"https:\/\/dev.ra-heitger.de\/?page_id=13","title":{"rendered":"Allgemein"},"content":{"rendered":"\n<p>Herzlich Willkommen auf meiner Homepage als Rechtsanwalt!<\/p>\n\n\n\n<p>Ich bin spezialisiert auf unterschiedliche Rechtsgebiete und biete Ihnen umfassende rechtliche Beratung und Unterst\u00fctzung an. Meine T\u00e4tigkeitsschwerpunkte umfassen unter anderem:<\/p>\n\n\n\n<ul class=\"wp-block-list\">\n<li>Arbeitsrecht<\/li>\n\n\n\n<li>Strafrecht<\/li>\n\n\n\n<li>Verkehrsrecht<\/li>\n\n\n\n<li>Mietrecht<\/li>\n\n\n\n<li>Erbrecht<\/li>\n\n\n\n<li>Familienrecht<\/li>\n\n\n\n<li>Versicherungsrecht<\/li>\n<\/ul>\n\n\n\n<p>Ich verstehe, dass jedes Rechtsproblem einzigartig ist und arbeite eng mit meinen Mandanten zusammen, um die bestm\u00f6gliche L\u00f6sung zu finden. Ich biete Ihnen eine individuelle Beratung und setze mich engagiert f\u00fcr Ihre Interessen ein. Als Rechtsanwalt verf\u00fcge ich \u00fcber umfangreiche Erfahrung in der Vertretung meiner Mandanten sowohl au\u00dfergerichtlich als auch vor Gericht.<\/p>\n\n\n\n<p>Auf meiner Homepage finden Sie weitere Informationen zu meinen Leistungen und meinem Werdegang als Rechtsanwalt. Kontaktieren Sie mich gerne, um einen Termin f\u00fcr eine Beratung zu vereinbaren. Ich stehe Ihnen jederzeit gerne zur Verf\u00fcgung und freue mich darauf, Ihnen helfen zu k\u00f6nnen.<\/p>\n","protected":false},"excerpt":{"rendered":"<p>Herzlich Willkommen auf meiner Homepage als Rechtsanwalt! Ich bin spezialisiert auf unterschiedliche Rechtsgebiete und biete Ihnen umfassende rechtliche Beratung und Unterst\u00fctzung an. Meine T\u00e4tigkeitsschwerpunkte umfassen unter anderem: Ich verstehe, dass jedes Rechtsproblem einzigartig ist und arbeite eng mit meinen Mandanten zusammen, um die bestm\u00f6gliche L\u00f6sung zu finden. Ich biete Ihnen eine individuelle Beratung und setze&#8230;<\/p>\n","protected":false},"author":1,"featured_media":0,"parent":0,"menu_order":0,"comment_status":"closed","ping_status":"closed","template":"","meta":{"footnotes":""},"class_list":["post-13","page","type-page","status-publish","hentry"],"_links":{"self":[{"href":"https:\/\/dev.ra-heitger.de\/index.php?rest_route=\/wp\/v2\/pages\/13","targetHints":{"allow":["GET"]}}],"collection":[{"href":"https:\/\/dev.ra-heitger.de\/index.php?rest_route=\/wp\/v2\/pages"}],"about":[{"href":"https:\/\/dev.ra-heitger.de\/index.php?rest_route=\/wp\/v2\/types\/page"}],"author":[{"embeddable":true,"href":"https:\/\/dev.ra-heitger.de\/index.php?rest_route=\/wp\/v2\/users\/1"}],"replies":[{"embeddable":true,"href":"https:\/\/dev.ra-heitger.de\/index.php?rest_route=%2Fwp%2Fv2%2Fcomments&post=13"}],"version-history":[{"count":2,"href":"https:\/\/dev.ra-heitger.de\/index.php?rest_route=\/wp\/v2\/pages\/13\/revisions"}],"predecessor-version":[{"id":40,"href":"https:\/\/dev.ra-heitger.de\/index.php?rest_route=\/wp\/v2\/pages\/13\/revisions\/40"}],"wp:attachment":[{"href":"https:\/\/dev.ra-heitger.de\/index.php?rest_route=%2Fwp%2Fv2%2Fmedia&parent=13"}],"curies":[{"name":"wp","href":"https:\/\/api.w.org\/{rel}","templated":true}]}}