{"id":156,"date":"2023-06-25T17:14:04","date_gmt":"2023-06-25T17:14:04","guid":{"rendered":"https:\/\/heitger.derknut.com\/?page_id=156"},"modified":"2023-08-22T14:31:51","modified_gmt":"2023-08-22T14:31:51","slug":"arbeitsrecht","status":"publish","type":"page","link":"https:\/\/dev.ra-heitger.de\/?page_id=156","title":{"rendered":"Arbeitsrecht"},"content":{"rendered":"\n<h2 class=\"wp-block-heading\">Mythen im Arbeitsrecht<\/h2>\n\n\n\n<p>Anspruch auf Abfindungen<\/p>\n\n\n\n<p>Infos zu K\u00fcndigungsschutzklagen<\/p>\n\n\n\n<p><div id=\"__next\"><div class=\"overflow-hidden w-full h-full relative flex z-0\"><div class=\"relative flex h-full max-w-full flex-1 overflow-hidden\"><div class=\"flex h-full max-w-full flex-1 flex-col\"><main class=\"relative h-full w-full transition-width overflow-auto flex-1\"><div role=\"presentation\" class=\"flex h-full\"><div class=\"flex-1 overflow-hidden\"><div class=\"react-scroll-to-bottom--css-bmdbh-79elbk h-full dark:bg-gray-800\"><div class=\"react-scroll-to-bottom--css-bmdbh-1n7m0yu\"><div class=\"flex flex-col text-sm dark:bg-gray-800\"><div class=\"group w-full text-token-text-primary border-b border-black\/10 dark:border-gray-900\/50 bg-gray-50 dark:bg-[#444654]\"><div class=\"flex p-4 gap-4 text-base md:gap-6 md:max-w-2xl lg:max-w-[38rem] xl:max-w-3xl md:py-6 lg:px-0 m-auto\"><div class=\"relative flex w-[calc(100%-50px)] flex-col gap-1 md:gap-3 lg:w-[calc(100%-115px)]\"><div class=\"flex flex-grow flex-col gap-3\"><div class=\"min-h-[20px] flex flex-col items-start gap-3 overflow-x-auto whitespace-pre-wrap break-words\"><div class=\"markdown prose w-full break-words dark:prose-invert light\"><p>Es gibt verschiedene Gr\u00fcnde, warum es sinnvoll sein kann, eine K\u00fcndigungsschutzklage einzureichen. Hier sind einige m\u00f6gliche Gr\u00fcnde:<\/p><ol><li><p>\u00dcberpr\u00fcfung der Rechtm\u00e4\u00dfigkeit: Durch das Einreichen einer K\u00fcndigungsschutzklage wird die K\u00fcndigung rechtlich \u00fcberpr\u00fcft. Es erm\u00f6glicht Ihnen, sicherzustellen, dass die K\u00fcndigung korrekt und rechtm\u00e4\u00dfig erfolgt ist.<\/p><\/li><li><p>Schutz vor unrechtm\u00e4\u00dfiger K\u00fcndigung: Der K\u00fcndigungsschutz dient dazu, Arbeitnehmer vor ungerechtfertigten oder willk\u00fcrlichen K\u00fcndigungen zu sch\u00fctzen. Wenn Sie der Meinung sind, dass Ihre K\u00fcndigung unrechtm\u00e4\u00dfig ist, k\u00f6nnen Sie durch eine Klage Ihre Rechte geltend machen.<\/p><\/li><li><p>Wahrung Ihrer Anspr\u00fcche: Durch eine K\u00fcndigungsschutzklage k\u00f6nnen Sie Ihre Anspr\u00fcche sichern. Dazu geh\u00f6ren beispielsweise Anspr\u00fcche auf Abfindung, Urlaubsabgeltung, Zahlung von offenen Geh\u00e4ltern oder Schadensersatz.<\/p><\/li><li><p>R\u00fcckkehr an den Arbeitsplatz: Unter bestimmten Umst\u00e4nden kann eine erfolgreiche K\u00fcndigungsschutzklage zur Wiedereinstellung an Ihren Arbeitsplatz f\u00fchren. Wenn Sie sich w\u00fcnschen, Ihren Job zu behalten, kann dies ein wichtiger Aspekt sein.<\/p><\/li><li><p>Verhandlungsspielraum: Das Einreichen einer K\u00fcndigungsschutzklage kann Ihnen auch Verhandlungsspielraum verschaffen. Oft sind Arbeitgeber bereit, eine au\u00dfergerichtliche Einigung zu erzielen, um einen langwierigen Rechtsstreit zu vermeiden. Dies kann zu besseren Konditionen oder einer fairen Abfindung f\u00fchren.<\/p><\/li><\/ol><p>Es ist wichtig zu beachten, dass jeder Fall individuell ist, und die Entscheidung, eine K\u00fcndigungsschutzklage einzureichen, von den spezifischen Umst\u00e4nden abh\u00e4ngt. Es ist daher ratsam sein, sich mit mit mir als erfahrenem Arbeitsrechtler zu beraten, der Ihnen bei der Bewertung Ihres Falls und der Empfehlung des besten Vorgehens helfen kann.<\/p><\/div><\/div><\/div><\/div><\/div><\/div><\/div><\/div><\/div><\/div><\/div><\/main><\/div><\/div><\/div><\/div><\/p>\n","protected":false},"excerpt":{"rendered":"<p>Mythen im Arbeitsrecht Anspruch auf Abfindungen Infos zu K\u00fcndigungsschutzklagen Es gibt verschiedene Gr\u00fcnde, warum es sinnvoll sein kann, eine K\u00fcndigungsschutzklage einzureichen. Hier sind einige m\u00f6gliche Gr\u00fcnde: \u00dcberpr\u00fcfung der Rechtm\u00e4\u00dfigkeit: Durch das Einreichen einer K\u00fcndigungsschutzklage wird die K\u00fcndigung rechtlich \u00fcberpr\u00fcft. Es erm\u00f6glicht Ihnen, sicherzustellen, dass die K\u00fcndigung korrekt und rechtm\u00e4\u00dfig erfolgt ist. Schutz vor unrechtm\u00e4\u00dfiger K\u00fcndigung:&#8230;<\/p>\n","protected":false},"author":3,"featured_media":0,"parent":0,"menu_order":0,"comment_status":"closed","ping_status":"closed","template":"","meta":{"footnotes":""},"class_list":["post-156","page","type-page","status-publish","hentry"],"_links":{"self":[{"href":"https:\/\/dev.ra-heitger.de\/index.php?rest_route=\/wp\/v2\/pages\/156","targetHints":{"allow":["GET"]}}],"collection":[{"href":"https:\/\/dev.ra-heitger.de\/index.php?rest_route=\/wp\/v2\/pages"}],"about":[{"href":"https:\/\/dev.ra-heitger.de\/index.php?rest_route=\/wp\/v2\/types\/page"}],"author":[{"embeddable":true,"href":"https:\/\/dev.ra-heitger.de\/index.php?rest_route=\/wp\/v2\/users\/3"}],"replies":[{"embeddable":true,"href":"https:\/\/dev.ra-heitger.de\/index.php?rest_route=%2Fwp%2Fv2%2Fcomments&post=156"}],"version-history":[{"count":3,"href":"https:\/\/dev.ra-heitger.de\/index.php?rest_route=\/wp\/v2\/pages\/156\/revisions"}],"predecessor-version":[{"id":191,"href":"https:\/\/dev.ra-heitger.de\/index.php?rest_route=\/wp\/v2\/pages\/156\/revisions\/191"}],"wp:attachment":[{"href":"https:\/\/dev.ra-heitger.de\/index.php?rest_route=%2Fwp%2Fv2%2Fmedia&parent=156"}],"curies":[{"name":"wp","href":"https:\/\/api.w.org\/{rel}","templated":true}]}}