{"id":165,"date":"2023-06-26T12:11:19","date_gmt":"2023-06-26T12:11:19","guid":{"rendered":"https:\/\/heitger.derknut.com\/?page_id=165"},"modified":"2023-08-22T15:14:18","modified_gmt":"2023-08-22T15:14:18","slug":"impressum","status":"publish","type":"page","link":"https:\/\/dev.ra-heitger.de\/?page_id=165","title":{"rendered":"Impressum"},"content":{"rendered":"<p><b>Information according to \u00a7 18 para. 2 Medienstaatsvertrag <\/b><\/p><p>Rechtsanwalt Ralf Heitger<br \/>Ralf Heitger<br\/>Zwiegertstra\u00dfe 33<br\/>45130 Essen<br\/>Deutschland<br\/><\/p><p><b>Vertreten durch:<\/b> Ralf Heitger<br\/><\/p><p><b>Kontakt:<\/b><br\/>Telefon: 49201879550<br\/>E-Mail: <img decoding=\"async\" class=\"dsgvoaio_emailpng\" src=\"https:\/\/dev.ra-heitger.de\/wp-content\/dsgvo-all-in-one-wp\/sserdaliame.png\"><br\/><\/p><p><b>Umsatzsteuernummer:<\/b> DE286385798<\/p><p>Berufsbezeichnung: Rechtsanwalt<br \/>Zust\u00e4ndige Kammer: Rechtsanwaltskammer Hamm<br \/>Verliehen durch den Staat: Deutschland<br \/><\/p><p><b>Verantwortlich f\u00fcr den Inhalt nach \u00a7 55 Abs. 2 RStV:<\/b><br \/>Ralf Heitger<br\/>Zweigertstra\u00dfe 33<br\/>45130 Essen<br\/>Deutschland<br\/><\/p><p><b>Haftungsausschluss<\/b><br \/><\/p><p><b>Haftung f\u00fcr Links:<\/b><br\/>Unser Angebot enth\u00e4lt Links zu externen Webseiten Dritter, auf deren Inhalte wir keinen Einfluss haben. Deshalb k\u00f6nnen wir f\u00fcr diese fremden Inhalte auch keine Gew\u00e4hr \u00fcbernehmen. F\u00fcr die Inhalte der verlinkten Seiten ist stets der jeweilige Anbieter oder Betreiber der Seiten verantwortlich. Die verlinkten Seiten wurden zum Zeitpunkt der Verlinkung auf m\u00f6gliche Rechtsverst\u00f6\u00dfe \u00fcberpr\u00fcft. Rechtswidrige Inhalte waren zum Zeitpunkt der Verlinkung nicht erkennbar. Eine permanente inhaltliche Kontrolle der verlinkten Seiten ist jedoch ohne konkrete Anhaltspunkte einer Rechtsverletzung nicht zumutbar. Bei Bekanntwerden von Rechtsverletzungen werden wir derartige Links umgehend entfernen.<\/p><p><b>Liability for content:<\/b><br\/>Die Inhalte unserer Seiten wurden mit gr\u00f6\u00dfter Sorgfalt erstellt. F\u00fcr die Richtigkeit, Vollst\u00e4ndigkeit und Aktualit\u00e4t der Inhalte k\u00f6nnen wir jedoch keine Gew\u00e4hr \u00fcbernehmen. Als Diensteanbieter sind wir gem\u00e4\u00df \u00a7 7 Abs.1 TMG f\u00fcr eigene Inhalte auf diesen Seiten nach den allgemeinen Gesetzen verantwortlich. Nach \u00a7 8 bis 10 TMG sind wir als Diensteanbieter jedoch nicht verpflichtet, \u00fcbermittelte oder gespeicherte fremde Informationen zu \u00fcberwachen oder nach Umst\u00e4nden zu forschen, die auf eine rechtswidrige T\u00e4tigkeit hinweisen. Verpflichtungen zur Entfernung oder Sperrung der Nutzung von Informationen nach den allgemeinen Gesetzen bleiben hiervon unber\u00fchrt. Eine diesbez\u00fcgliche Haftung ist jedoch erst ab dem Zeitpunkt der Kenntnis einer konkreten Rechtsverletzung m\u00f6glich. Bei Bekanntwerden von entsprechenden Rechtsverletzungen werden wir diese Inhalte umgehend entfernen.<\/p><p><b>Urheberrecht<\/b><br \/>Die durch die Seitenbetreiber erstellten Inhalte und Werke auf diesen Seiten unterliegen dem deutschen Urheberrecht. Die Vervielf\u00e4ltigung, Bearbeitung, Verbreitung und jede Art der Verwertung au\u00dferhalb der Grenzen des Urheberrechtes bed\u00fcrfen der schriftlichen Zustimmung des jeweiligen Autors bzw. Erstellers. Downloads und Kopien dieser Seite sind nur f\u00fcr den privaten, nicht kommerziellen Gebrauch gestattet. Soweit die Inhalte auf dieser Seite nicht vom Betreiber erstellt wurden, werden die Urheberrechte Dritter beachtet. Insbesondere werden Inhalte Dritter als solche gekennzeichnet. Sollten Sie trotzdem auf eine Urheberrechtsverletzung aufmerksam werden, bitten wir um einen entsprechenden Hinweis. Bei Bekanntwerden von Rechtsverletzungen werden wir derartige Inhalte umgehend entfernen.<\/p><br \/><p>Es gelten folgende berufsrechtliche Regelungen:<\/p>\n<ul>\n<li>Bundesrechtsanwaltsordnung (BRAO)<\/li>\n<li>Berufsordnung f\u00fcr Rechtsanw\u00e4lte (BORA)<\/li>\n<li>Fachanwaltsordnung (FAO)<\/li>\n<li>Rechtsanwaltsverg\u00fctungsgesetz (RVG)<\/li>\n<li>Berufsregeln der Rechtsanw\u00e4lte der Europ\u00e4ischen Gemeinschaft (CCBE)<\/li>\n<\/ul>\n<p>\u00a0<\/p>\n<p>Die entsprechenden berufsrechtlichen Vorschriften finden Sie unter der Rubrik \u201eAngaben gem\u00e4\u00df \u00a7 5 TMG\u201c auf der Homepage der Bundesrechtsanwaltskammer unter <a href=\"http:\/\/www.brak.de\" rel=\"noopener\">www.brak.de<\/a>.<\/p>\n<p>\u00a0<\/p>\n<p>----------------------------------------------<\/p>\n<h2>Berufsbezeichnung und berufsrechtliche Regelungen<\/h2>\n<p>Berufsbezeichnung: Rechtsanwalt<br \/>\nZust\u00e4ndige Kammer: Rechtsanwaltskammer Hamm<br \/>\nVerliehen durch: Bundesrepublik Deutschland<\/p>\n<p>Es gelten folgende berufsrechtliche Regelungen, die alle im Internet einsehbar sind unter <a href=\"https:\/\/www.brak.de\/fuer-anwaelte\/berufsrecht\" rel=\"noopener\">https:\/\/www.brak.de\/fuer-anwaelte\/berufsrecht<\/a>:<br \/>\n<a href=\"http:\/\/www.gesetze-im-internet.de\/brao\/index.html\" rel=\"noopener\">Bundesrechtsanwaltsordnung (BRAO)<\/a><br \/>\n<a href=\"http:\/\/www.gesetze-im-internet.de\/rvg\/index.html\" rel=\"noopener\">Rechtsanwaltsverg\u00fctungsgesetz (RVG)<\/a><br \/>\n<a href=\"https:\/\/dejure.org\/gesetze\/BORA\" rel=\"noopener\">Berufsordnung der Rechtsanw\u00e4lte (BORA)<\/a><br \/>\n<a href=\"https:\/\/www.brak.de\/w\/files\/02_fuer_anwaelte\/berufsrecht\/fao_stand_01.01.2018.pdf\" rel=\"noopener\">Fachanwaltsordnung (FAO)<\/a><br \/>\n<a href=\"https:\/\/www.brak.de\/w\/files\/02_fuer_anwaelte\/Berufsregeln_Mai%202006_090615.pdf\" rel=\"noopener\">Standesregelung der Rechtsanw\u00e4lte in der Europ\u00e4ischen Gemeinschaft (CCBE-Berufsregeln)<\/a><\/p>\n<p>Die Bundesrechtsanwaltsordnung (BRAO) und das Rechtsanwaltsverg\u00fctungsgesetz (RVG) sind auch abgedruckt in Sch\u00f6nfelder, Deutsche Gesetze, Verlag C.H. Beck, M\u00fcnchen<\/p>\n<h2>Angaben zur Berufshaftpflichtversicherung<\/h2>\n<p><strong>Name und Sitz des Versicherers:<\/strong><br \/>\nAFB GmbH<br \/>\nKaistra\u00dfe 13<br \/>\n40221 D\u00fcsseldorf<br \/>\nTelefon: +49 211 4936565<br \/>\nTelefax: +49 211 4936542<br \/>\nE-Mail: <a href=\"mailto:info@afb24.de\">info[at]afb24.de<\/a><span><\/span><\/p>\n<p><strong>Geltungsraum der Versicherung:<\/strong><br \/>\nDer r\u00e4umliche Geltungsbereich des Versicherungsschutzes umfasst T\u00e4tigkeiten in den Mitgliedsl\u00e4ndern der Europ\u00e4ischen Union und gen\u00fcgt mindestens den Anforderungen des \u00a7 51 BRAO.<\/p>\n<h2>Streitschlichtung<\/h2>\n<p>Die Europ\u00e4ische Kommission stellt eine Plattform zur Online-Streitbeilegung (OS) bereit: <a href=\"https:\/\/ec.europa.eu\/consumers\/odr\" rel=\"noopener noreferrer\">https:\/\/ec.europa.eu\/consumers\/odr<\/a>.<br \/>\nUnsere E-Mail-Adresse finden Sie oben im Impressum.<\/p>\n<p>Wir sind nicht bereit oder verpflichtet, an Streitbeilegungsverfahren vor einer Verbraucherschlichtungsstelle teilzunehmen.<\/p>\n<p>Rechtsanwalt Ralf Heitger ist zur Teilnahme an Streitbeilegungsverfahren bei der Schlichtungsstelle<br \/>\nder Rechtsanwaltschaft, Rauchstra\u00dfe 26, 10787 Berlin, www.s-d-r.org, nicht bereit.<\/p>\n<h3>--------------------------<\/h3>\n<p>\u00a0<\/p>\n\n","protected":false},"excerpt":{"rendered":"","protected":false},"author":3,"featured_media":0,"parent":0,"menu_order":0,"comment_status":"closed","ping_status":"closed","template":"","meta":{"footnotes":""},"class_list":["post-165","page","type-page","status-publish","hentry"],"_links":{"self":[{"href":"https:\/\/dev.ra-heitger.de\/index.php?rest_route=\/wp\/v2\/pages\/165","targetHints":{"allow":["GET"]}}],"collection":[{"href":"https:\/\/dev.ra-heitger.de\/index.php?rest_route=\/wp\/v2\/pages"}],"about":[{"href":"https:\/\/dev.ra-heitger.de\/index.php?rest_route=\/wp\/v2\/types\/page"}],"author":[{"embeddable":true,"href":"https:\/\/dev.ra-heitger.de\/index.php?rest_route=\/wp\/v2\/users\/3"}],"replies":[{"embeddable":true,"href":"https:\/\/dev.ra-heitger.de\/index.php?rest_route=%2Fwp%2Fv2%2Fcomments&post=165"}],"version-history":[{"count":1,"href":"https:\/\/dev.ra-heitger.de\/index.php?rest_route=\/wp\/v2\/pages\/165\/revisions"}],"predecessor-version":[{"id":166,"href":"https:\/\/dev.ra-heitger.de\/index.php?rest_route=\/wp\/v2\/pages\/165\/revisions\/166"}],"wp:attachment":[{"href":"https:\/\/dev.ra-heitger.de\/index.php?rest_route=%2Fwp%2Fv2%2Fmedia&parent=165"}],"curies":[{"name":"wp","href":"https:\/\/api.w.org\/{rel}","templated":true}]}}