{"id":17,"date":"2023-05-22T08:21:05","date_gmt":"2023-05-22T08:21:05","guid":{"rendered":"https:\/\/heitger.derknut.com\/?page_id=17"},"modified":"2023-06-25T17:06:47","modified_gmt":"2023-06-25T17:06:47","slug":"willkommen","status":"publish","type":"page","link":"https:\/\/dev.ra-heitger.de\/","title":{"rendered":"Willkommen"},"content":{"rendered":"<div class=\"wp-block-image\">\n<figure class=\"alignright size-large is-resized\"><img fetchpriority=\"high\" decoding=\"async\" src=\"https:\/\/heitger.derknut.com\/wp-content\/uploads\/2023\/06\/Bild-Homepage_8013-scaled-e1687712680768-799x1024.jpg\" alt=\"\" class=\"wp-image-154\" width=\"422\" height=\"542\" srcset=\"https:\/\/dev.ra-heitger.de\/wp-content\/uploads\/2023\/06\/Bild-Homepage_8013-scaled-e1687712680768-799x1024.jpg 799w, https:\/\/dev.ra-heitger.de\/wp-content\/uploads\/2023\/06\/Bild-Homepage_8013-scaled-e1687712680768-234x300.jpg 234w, https:\/\/dev.ra-heitger.de\/wp-content\/uploads\/2023\/06\/Bild-Homepage_8013-scaled-e1687712680768-768x985.jpg 768w, https:\/\/dev.ra-heitger.de\/wp-content\/uploads\/2023\/06\/Bild-Homepage_8013-scaled-e1687712680768-1198x1536.jpg 1198w, https:\/\/dev.ra-heitger.de\/wp-content\/uploads\/2023\/06\/Bild-Homepage_8013-scaled-e1687712680768.jpg 1562w\" sizes=\"(max-width: 422px) 100vw, 422px\" \/><\/figure>\n<\/div>\n\n\n<p>Herzlich Willkommen auf meiner Homepage als Anwalt f\u00fcr Arbeitsrecht!<\/p>\n\n\n\n<p class=\"has-text-align-left\">Als spezialisierter Anwalt f\u00fcr Arbeitsrecht biete ich Ihnen umfassende rechtliche Unterst\u00fctzung und Beratung in allen arbeitsrechtlichen Angelegenheiten. Mein Ziel ist es, Ihnen als Arbeitnehmer oder Arbeitgeber eine professionelle und individuelle Beratung zu bieten, die auf Ihre Bed\u00fcrfnisse und Ziele zugeschnitten ist.<\/p>\n\n\n\n<p><br>Meine T\u00e4tigkeitsschwerpunkte im Arbeitsrecht umfassen unter anderem:<\/p>\n\n\n\n<ul class=\"wp-block-list\">\n<li>K\u00fcndigungsschutz und Abfindungen<\/li>\n\n\n\n<li>Arbeitsvertr\u00e4ge und Arbeitszeugnisse<\/li>\n\n\n\n<li>Arbeitszeit und \u00dcberstunden<\/li>\n\n\n\n<li>Betriebsverfassungsrecht und Mitbestimmung<\/li>\n\n\n\n<li>Lohn- und Gehaltsfragen<\/li>\n\n\n\n<li>Tarifvertr\u00e4ge und Arbeitsrecht im \u00f6ffentlichen Dienst<\/li>\n\n\n\n<li>Datenschutz und Arbeitsrecht<\/li>\n<\/ul>\n\n\n\n<p><br>Als Anwalt f\u00fcr Arbeitsrecht vertrete ich Ihre Interessen au\u00dfergerichtlich und vor Gericht. Ich arbeite eng mit meinen Mandanten zusammen, um eine erfolgreiche L\u00f6sung ihrer arbeitsrechtlichen Probleme zu erreichen.<\/p>\n\n\n\n<p><br>Auf meiner Homepage finden Sie weitere Informationen zu meinen Leistungen und meinem Werdegang als Anwalt f\u00fcr Arbeitsrecht. Nehmen Sie gerne Kontakt mit mir auf, um einen Termin f\u00fcr eine Beratung zu vereinbaren. Ich stehe Ihnen jederzeit gerne zur Verf\u00fcgung und freue mich darauf, Ihnen helfen zu k\u00f6nnen!<\/p>\n","protected":false},"excerpt":{"rendered":"<p>Herzlich Willkommen auf meiner Homepage als Anwalt f\u00fcr Arbeitsrecht! Als spezialisierter Anwalt f\u00fcr Arbeitsrecht biete ich Ihnen umfassende rechtliche Unterst\u00fctzung und Beratung in allen arbeitsrechtlichen Angelegenheiten. Mein Ziel ist es, Ihnen als Arbeitnehmer oder Arbeitgeber eine professionelle und individuelle Beratung zu bieten, die auf Ihre Bed\u00fcrfnisse und Ziele zugeschnitten ist. Meine T\u00e4tigkeitsschwerpunkte im Arbeitsrecht umfassen&#8230;<\/p>\n","protected":false},"author":1,"featured_media":0,"parent":0,"menu_order":0,"comment_status":"closed","ping_status":"closed","template":"","meta":{"footnotes":""},"class_list":["post-17","page","type-page","status-publish","hentry"],"_links":{"self":[{"href":"https:\/\/dev.ra-heitger.de\/index.php?rest_route=\/wp\/v2\/pages\/17","targetHints":{"allow":["GET"]}}],"collection":[{"href":"https:\/\/dev.ra-heitger.de\/index.php?rest_route=\/wp\/v2\/pages"}],"about":[{"href":"https:\/\/dev.ra-heitger.de\/index.php?rest_route=\/wp\/v2\/types\/page"}],"author":[{"embeddable":true,"href":"https:\/\/dev.ra-heitger.de\/index.php?rest_route=\/wp\/v2\/users\/1"}],"replies":[{"embeddable":true,"href":"https:\/\/dev.ra-heitger.de\/index.php?rest_route=%2Fwp%2Fv2%2Fcomments&post=17"}],"version-history":[{"count":6,"href":"https:\/\/dev.ra-heitger.de\/index.php?rest_route=\/wp\/v2\/pages\/17\/revisions"}],"predecessor-version":[{"id":155,"href":"https:\/\/dev.ra-heitger.de\/index.php?rest_route=\/wp\/v2\/pages\/17\/revisions\/155"}],"wp:attachment":[{"href":"https:\/\/dev.ra-heitger.de\/index.php?rest_route=%2Fwp%2Fv2%2Fmedia&parent=17"}],"curies":[{"name":"wp","href":"https:\/\/api.w.org\/{rel}","templated":true}]}}